{"id":666,"date":"2022-01-20T13:24:36","date_gmt":"2022-01-20T13:24:36","guid":{"rendered":"https:\/\/www.rmasistem.com\/robotic-solutions\/"},"modified":"2022-05-17T06:55:13","modified_gmt":"2022-05-17T06:55:13","slug":"robotic-cozumler","status":"publish","type":"page","link":"https:\/\/www.rmasistem.com\/tr\/robotic-cozumler\/","title":{"rendered":"Robotik \u00c7\u00f6z\u00fcmler"},"content":{"rendered":"","protected":false},"excerpt":{"rendered":"","protected":false},"author":2,"featured_media":0,"parent":0,"menu_order":4,"comment_status":"closed","ping_status":"closed","template":"","meta":{"footnotes":""},"class_list":["post-666","page","type-page","status-publish","hentry"],"_links":{"self":[{"href":"https:\/\/www.rmasistem.com\/tr\/wp-json\/wp\/v2\/pages\/666","targetHints":{"allow":["GET"]}}],"collection":[{"href":"https:\/\/www.rmasistem.com\/tr\/wp-json\/wp\/v2\/pages"}],"about":[{"href":"https:\/\/www.rmasistem.com\/tr\/wp-json\/wp\/v2\/types\/page"}],"author":[{"embeddable":true,"href":"https:\/\/www.rmasistem.com\/tr\/wp-json\/wp\/v2\/users\/2"}],"replies":[{"embeddable":true,"href":"https:\/\/www.rmasistem.com\/tr\/wp-json\/wp\/v2\/comments?post=666"}],"version-history":[{"count":0,"href":"https:\/\/www.rmasistem.com\/tr\/wp-json\/wp\/v2\/pages\/666\/revisions"}],"wp:attachment":[{"href":"https:\/\/www.rmasistem.com\/tr\/wp-json\/wp\/v2\/media?parent=666"}],"curies":[{"name":"wp","href":"https:\/\/api.w.org\/{rel}","templated":true}]}}