{"id":668,"date":"2022-02-01T09:59:35","date_gmt":"2022-02-01T09:59:35","guid":{"rendered":"https:\/\/www.rmasistem.com\/automation-solutions\/"},"modified":"2022-05-17T06:56:08","modified_gmt":"2022-05-17T06:56:08","slug":"otomasyon-cozumleri","status":"publish","type":"page","link":"https:\/\/www.rmasistem.com\/tr\/otomasyon-cozumleri\/","title":{"rendered":"Otomasyon \u00c7\u00f6z\u00fcmleri"},"content":{"rendered":"","protected":false},"excerpt":{"rendered":"","protected":false},"author":2,"featured_media":0,"parent":0,"menu_order":6,"comment_status":"closed","ping_status":"closed","template":"","meta":{"footnotes":""},"class_list":["post-668","page","type-page","status-publish","hentry"],"_links":{"self":[{"href":"https:\/\/www.rmasistem.com\/tr\/wp-json\/wp\/v2\/pages\/668","targetHints":{"allow":["GET"]}}],"collection":[{"href":"https:\/\/www.rmasistem.com\/tr\/wp-json\/wp\/v2\/pages"}],"about":[{"href":"https:\/\/www.rmasistem.com\/tr\/wp-json\/wp\/v2\/types\/page"}],"author":[{"embeddable":true,"href":"https:\/\/www.rmasistem.com\/tr\/wp-json\/wp\/v2\/users\/2"}],"replies":[{"embeddable":true,"href":"https:\/\/www.rmasistem.com\/tr\/wp-json\/wp\/v2\/comments?post=668"}],"version-history":[{"count":0,"href":"https:\/\/www.rmasistem.com\/tr\/wp-json\/wp\/v2\/pages\/668\/revisions"}],"wp:attachment":[{"href":"https:\/\/www.rmasistem.com\/tr\/wp-json\/wp\/v2\/media?parent=668"}],"curies":[{"name":"wp","href":"https:\/\/api.w.org\/{rel}","templated":true}]}}